{"id":693,"date":"2026-03-05T16:45:27","date_gmt":"2026-03-05T16:45:27","guid":{"rendered":"https:\/\/dragcon.com.br\/home\/?page_id=693"},"modified":"2026-03-13T21:29:06","modified_gmt":"2026-03-13T21:29:06","slug":"sobre","status":"publish","type":"page","link":"https:\/\/dragcon.com.br\/home\/sobre\/","title":{"rendered":"O evento | RuPaul&#8217;s Dragon Brasil"},"content":{"rendered":"\t\t<div data-elementor-type=\"wp-page\" data-elementor-id=\"693\" class=\"elementor elementor-693\" data-elementor-post-type=\"page\">\n\t\t\t\t<div class=\"elementor-element elementor-element-9e4dece e-con-full e-flex e-con e-child\" data-id=\"9e4dece\" data-element_type=\"container\" data-e-type=\"container\" data-settings=\"{&quot;background_background&quot;:&quot;classic&quot;}\">\n\t\t<div class=\"elementor-element elementor-element-eadf85c e-con-full e-flex e-con e-child\" data-id=\"eadf85c\" data-element_type=\"container\" data-e-type=\"container\">\n\t\t\t\t<div class=\"elementor-element elementor-element-778d5c4 elementor-widget__width-initial elementor-widget elementor-widget-image\" data-id=\"778d5c4\" data-element_type=\"widget\" data-e-type=\"widget\" data-widget_type=\"image.default\">\n\t\t\t\t\t\t\t\t\t\t\t\t\t\t\t<img fetchpriority=\"high\" decoding=\"async\" width=\"800\" height=\"843\" src=\"https:\/\/dragcon.com.br\/home\/wp-content\/uploads\/2026\/03\/Logo-972x1024.png\" class=\"attachment-large size-large wp-image-24\" alt=\"\" srcset=\"https:\/\/dragcon.com.br\/home\/wp-content\/uploads\/2026\/03\/Logo-972x1024.png 972w, https:\/\/dragcon.com.br\/home\/wp-content\/uploads\/2026\/03\/Logo-285x300.png 285w, https:\/\/dragcon.com.br\/home\/wp-content\/uploads\/2026\/03\/Logo-768x809.png 768w, https:\/\/dragcon.com.br\/home\/wp-content\/uploads\/2026\/03\/Logo.png 1296w\" sizes=\"(max-width: 800px) 100vw, 800px\" \/>\t\t\t\t\t\t\t\t\t\t\t\t\t\t\t<\/div>\n\t\t\t\t<div class=\"elementor-element elementor-element-2bf5836 bt aparece elementor-mobile-align-center elementor-align-center elementor-widget elementor-widget-button\" data-id=\"2bf5836\" data-element_type=\"widget\" data-e-type=\"widget\" data-widget_type=\"button.default\">\n\t\t\t\t\t\t\t\t\t\t<a class=\"elementor-button elementor-button-link elementor-size-sm elementor-animation-grow\" href=\"https:\/\/dragcon.byinti.com\/#\/event\/rupauls-dragcon-brasil-2026\">\n\t\t\t\t\t\t<span class=\"elementor-button-content-wrapper\">\n\t\t\t\t\t\t\t\t\t<span class=\"elementor-button-text\">GARANTIR INGRESSO<\/span>\n\t\t\t\t\t<\/span>\n\t\t\t\t\t<\/a>\n\t\t\t\t\t\t\t\t<\/div>\n\t\t\t\t<\/div>\n\t\t\t\t<\/div>\n\t\t<div class=\"elementor-element elementor-element-fd83eb9 e-flex e-con-boxed e-con e-parent\" data-id=\"fd83eb9\" data-element_type=\"container\" data-e-type=\"container\" data-settings=\"{&quot;background_background&quot;:&quot;classic&quot;}\">\n\t\t\t\t\t<div class=\"e-con-inner\">\n\t\t\t\t<div class=\"elementor-element elementor-element-d575c7c elementor-widget__width-initial elementor-widget elementor-widget-image-box\" data-id=\"d575c7c\" data-element_type=\"widget\" data-e-type=\"widget\" data-widget_type=\"image-box.default\">\n\t\t\t\t\t<div class=\"elementor-image-box-wrapper\"><div class=\"elementor-image-box-content\"><h3 class=\"elementor-image-box-title\">O QUE \u00c9 A DRAGCON?<\/h3><p class=\"elementor-image-box-description\">Criada por RuPaul e pela World of Wonder, a DragCon nasceu como a expans\u00e3o ao vivo do fen\u00f4meno global RuPaul's Drag Race.\nHoje, \u00e9 uma feira internacional com edi\u00e7\u00f5es em Los Angeles, Nova York e Londres, reunindo milhares de pessoas para celebrar a arte drag em todas as suas formas.\nA edi\u00e7\u00e3o brasileira marca a primeira DragCon da Am\u00e9rica Latina e prop\u00f5e um encontro hist\u00f3rico entre cenas, gera\u00e7\u00f5es e linguagens da cultura drag mundial.\n\n<\/p><\/div><\/div>\t\t\t\t<\/div>\n\t\t\t\t<div class=\"elementor-element elementor-element-a80bc2b elementor-widget__width-initial elementor-widget elementor-widget-image-box\" data-id=\"a80bc2b\" data-element_type=\"widget\" data-e-type=\"widget\" data-widget_type=\"image-box.default\">\n\t\t\t\t\t<div class=\"elementor-image-box-wrapper\"><div class=\"elementor-image-box-content\"><h3 class=\"elementor-image-box-title\">UM EVENTO GLOBAL<\/h3><p class=\"elementor-image-box-description\">No Brasil e no mundo, a DragCon assume o compromisso de reunir talentos de todos os continentes. Queens internacionais dividem espa\u00e7o com artistas brasileiras em um line-up diverso, plural e cuidadosamente curado.\nA proposta \u00e9 clara: fazer de S\u00e3o Paulo o ponto de encontro global da arte drag.\n<\/p><\/div><\/div>\t\t\t\t<\/div>\n\t\t\t\t\t<\/div>\n\t\t\t\t<\/div>\n\t\t<div class=\"elementor-element elementor-element-d6503d4 e-flex e-con-boxed e-con e-parent\" data-id=\"d6503d4\" data-element_type=\"container\" data-e-type=\"container\" data-settings=\"{&quot;background_background&quot;:&quot;classic&quot;}\">\n\t\t\t\t\t<div class=\"e-con-inner\">\n\t\t<div class=\"elementor-element elementor-element-37f4c1e e-con-full e-flex e-con e-child\" data-id=\"37f4c1e\" data-element_type=\"container\" data-e-type=\"container\">\n\t\t\t\t<\/div>\n\t\t\t\t\t<\/div>\n\t\t\t\t<\/div>\n\t\t<div class=\"elementor-element elementor-element-b431e58 e-flex e-con-boxed e-con e-parent\" data-id=\"b431e58\" data-element_type=\"container\" data-e-type=\"container\" data-settings=\"{&quot;background_background&quot;:&quot;classic&quot;}\">\n\t\t\t\t\t<div class=\"e-con-inner\">\n\t\t<div class=\"elementor-element elementor-element-e31d211 e-con-full e-flex e-con e-child\" data-id=\"e31d211\" data-element_type=\"container\" data-e-type=\"container\">\n\t\t\t\t<\/div>\n\t\t\t\t\t<\/div>\n\t\t\t\t<\/div>\n\t\t<div class=\"elementor-element elementor-element-3f549ab e-flex e-con-boxed e-con e-parent\" data-id=\"3f549ab\" data-element_type=\"container\" data-e-type=\"container\" data-settings=\"{&quot;background_background&quot;:&quot;classic&quot;}\">\n\t\t\t\t\t<div class=\"e-con-inner\">\n\t\t\t\t<div class=\"elementor-element elementor-element-69ea7ca elementor-widget__width-initial elementor-widget elementor-widget-image-box\" data-id=\"69ea7ca\" data-element_type=\"widget\" data-e-type=\"widget\" data-widget_type=\"image-box.default\">\n\t\t\t\t\t<div class=\"elementor-image-box-wrapper\"><div class=\"elementor-image-box-content\"><h3 class=\"elementor-image-box-title\">PARA QUEM \u00c9?<\/h3><p class=\"elementor-image-box-description\">\n\n<\/p><\/div><\/div>\t\t\t\t<\/div>\n\t\t\t\t\t<\/div>\n\t\t\t\t<\/div>\n\t\t<div class=\"elementor-element elementor-element-5d4c4ac e-flex e-con-boxed e-con e-parent\" data-id=\"5d4c4ac\" data-element_type=\"container\" data-e-type=\"container\" id=\"paraquem\" data-settings=\"{&quot;background_background&quot;:&quot;classic&quot;}\">\n\t\t\t\t\t<div class=\"e-con-inner\">\n\t\t<div class=\"elementor-element elementor-element-10be2aa e-con-full e-flex e-con e-child\" data-id=\"10be2aa\" data-element_type=\"container\" data-e-type=\"container\" data-settings=\"{&quot;background_background&quot;:&quot;classic&quot;}\">\n\t\t\t\t<div class=\"elementor-element elementor-element-e817e2b elementor-widget__width-initial elementor-widget elementor-widget-image-box\" data-id=\"e817e2b\" data-element_type=\"widget\" data-e-type=\"widget\" data-widget_type=\"image-box.default\">\n\t\t\t\t\t<div class=\"elementor-image-box-wrapper\"><div class=\"elementor-image-box-content\"><h3 class=\"elementor-image-box-title\">PARA QUEM AMA CULTURA DRAG<\/h3><p class=\"elementor-image-box-description\">Aqui voc\u00ea encontra suas artistas favoritas, descobre novos talentos, vive momentos \u00fanicos e faz parte de uma comunidade que celebra autenticidade, criatividade e liberdade.\nA DragCon \u00e9 sobre conex\u00e3o.\n<\/p><\/div><\/div>\t\t\t\t<\/div>\n\t\t\t\t<div class=\"elementor-element elementor-element-49ff18d elementor-widget__width-initial elementor-widget elementor-widget-image\" data-id=\"49ff18d\" data-element_type=\"widget\" data-e-type=\"widget\" data-widget_type=\"image.default\">\n\t\t\t\t\t\t\t\t\t\t\t\t\t\t\t<img decoding=\"async\" width=\"959\" height=\"858\" src=\"https:\/\/dragcon.com.br\/home\/wp-content\/uploads\/2026\/03\/Layer-1.png\" class=\"attachment-full size-full wp-image-648\" alt=\"\" srcset=\"https:\/\/dragcon.com.br\/home\/wp-content\/uploads\/2026\/03\/Layer-1.png 959w, https:\/\/dragcon.com.br\/home\/wp-content\/uploads\/2026\/03\/Layer-1-300x268.png 300w, https:\/\/dragcon.com.br\/home\/wp-content\/uploads\/2026\/03\/Layer-1-768x687.png 768w\" sizes=\"(max-width: 959px) 100vw, 959px\" \/>\t\t\t\t\t\t\t\t\t\t\t\t\t\t\t<\/div>\n\t\t\t\t<\/div>\n\t\t<div class=\"elementor-element elementor-element-9f589d2 e-con-full e-flex e-con e-child\" data-id=\"9f589d2\" data-element_type=\"container\" data-e-type=\"container\" data-settings=\"{&quot;background_background&quot;:&quot;classic&quot;}\">\n\t\t\t\t<div class=\"elementor-element elementor-element-035c9d1 elementor-widget__width-initial elementor-widget elementor-widget-image\" data-id=\"035c9d1\" data-element_type=\"widget\" data-e-type=\"widget\" data-widget_type=\"image.default\">\n\t\t\t\t\t\t\t\t\t\t\t\t\t\t\t<img decoding=\"async\" width=\"854\" height=\"895\" src=\"https:\/\/dragcon.com.br\/home\/wp-content\/uploads\/2026\/03\/Layer-2.png\" class=\"attachment-full size-full wp-image-731\" alt=\"\" srcset=\"https:\/\/dragcon.com.br\/home\/wp-content\/uploads\/2026\/03\/Layer-2.png 854w, https:\/\/dragcon.com.br\/home\/wp-content\/uploads\/2026\/03\/Layer-2-286x300.png 286w, https:\/\/dragcon.com.br\/home\/wp-content\/uploads\/2026\/03\/Layer-2-768x805.png 768w\" sizes=\"(max-width: 854px) 100vw, 854px\" \/>\t\t\t\t\t\t\t\t\t\t\t\t\t\t\t<\/div>\n\t\t\t\t<div class=\"elementor-element elementor-element-35e2dc5 elementor-widget__width-initial elementor-widget elementor-widget-image-box\" data-id=\"35e2dc5\" data-element_type=\"widget\" data-e-type=\"widget\" data-widget_type=\"image-box.default\">\n\t\t\t\t\t<div class=\"elementor-image-box-wrapper\"><div class=\"elementor-image-box-content\"><h3 class=\"elementor-image-box-title\">PARA QUEM QUER SE DIVERTIR<\/h3><p class=\"elementor-image-box-description\">A DragCon Brasil conta com tr\u00eas palcos com programa\u00e7\u00f5es simult\u00e2neas ao longo dos dois dias de evento. Cada um deles recebe conte\u00fados diferentes, que incluem pain\u00e9is e conversas com queens do Brasil e do mundo; entrevistas ao vivo; debates sobre cultura, representatividade e carreira; performances especiais e din\u00e2micas interativas.\n\n<\/p><\/div><\/div>\t\t\t\t<\/div>\n\t\t\t\t<\/div>\n\t\t<div class=\"elementor-element elementor-element-977d119 e-con-full e-flex e-con e-child\" data-id=\"977d119\" data-element_type=\"container\" data-e-type=\"container\" data-settings=\"{&quot;background_background&quot;:&quot;classic&quot;}\">\n\t\t\t\t<div class=\"elementor-element elementor-element-cc85ce7 elementor-widget__width-initial elementor-widget elementor-widget-image-box\" data-id=\"cc85ce7\" data-element_type=\"widget\" data-e-type=\"widget\" data-widget_type=\"image-box.default\">\n\t\t\t\t\t<div class=\"elementor-image-box-wrapper\"><div class=\"elementor-image-box-content\"><h3 class=\"elementor-image-box-title\">PARA QUEM QUER VIVER E TROCAR <\/h3><p class=\"elementor-image-box-description\">A DragCon Brasil \u00e9 um espa\u00e7o seguro e amigo, tomado por circula\u00e7\u00e3o constante, encontros inesperados, fotos, intera\u00e7\u00f5es espont\u00e2neas e muita participa\u00e7\u00e3o do p\u00fablico. Voc\u00ea pode encontrar suas artistas favoritas nos estandes, cruzar com outras queens pelo pavilh\u00e3o, participar de ativa\u00e7\u00f5es, vibrar junto em apresenta\u00e7\u00f5es e passar o dia inteiro imersa nesse universo.\n<\/p><\/div><\/div>\t\t\t\t<\/div>\n\t\t\t\t<div class=\"elementor-element elementor-element-870c42a elementor-widget__width-initial elementor-widget elementor-widget-image\" data-id=\"870c42a\" data-element_type=\"widget\" data-e-type=\"widget\" data-widget_type=\"image.default\">\n\t\t\t\t\t\t\t\t\t\t\t\t\t\t\t<img loading=\"lazy\" decoding=\"async\" width=\"601\" height=\"838\" src=\"https:\/\/dragcon.com.br\/home\/wp-content\/uploads\/2026\/03\/Layer-3.png\" class=\"attachment-full size-full wp-image-732\" alt=\"\" srcset=\"https:\/\/dragcon.com.br\/home\/wp-content\/uploads\/2026\/03\/Layer-3.png 601w, https:\/\/dragcon.com.br\/home\/wp-content\/uploads\/2026\/03\/Layer-3-215x300.png 215w\" sizes=\"(max-width: 601px) 100vw, 601px\" \/>\t\t\t\t\t\t\t\t\t\t\t\t\t\t\t<\/div>\n\t\t\t\t<\/div>\n\t\t<div class=\"elementor-element elementor-element-3c48142 e-con-full e-flex e-con e-child\" data-id=\"3c48142\" data-element_type=\"container\" data-e-type=\"container\" data-settings=\"{&quot;background_background&quot;:&quot;classic&quot;}\">\n\t\t\t\t<div class=\"elementor-element elementor-element-84e7abe elementor-widget__width-initial elementor-widget elementor-widget-image-box\" data-id=\"84e7abe\" data-element_type=\"widget\" data-e-type=\"widget\" data-widget_type=\"image-box.default\">\n\t\t\t\t\t<div class=\"elementor-image-box-wrapper\"><div class=\"elementor-image-box-content\"><h3 class=\"elementor-image-box-title\">PARA A FAM\u00cdLIA<\/h3><p class=\"elementor-image-box-description\">A DragCon tamb\u00e9m \u00e9 um espa\u00e7o de diversidade, respeito e celebra\u00e7\u00e3o para todas as gera\u00e7\u00f5es. Fam\u00edlias que acreditam na liberdade de express\u00e3o e na valoriza\u00e7\u00e3o das diferen\u00e7as encontram aqui um ambiente acolhedor para viver a criatividade, o humor e a arte drag juntos.<\/p><\/div><\/div>\t\t\t\t<\/div>\n\t\t\t\t<div class=\"elementor-element elementor-element-794fd23 elementor-widget__width-initial elementor-widget elementor-widget-image\" data-id=\"794fd23\" data-element_type=\"widget\" data-e-type=\"widget\" data-widget_type=\"image.default\">\n\t\t\t\t\t\t\t\t\t\t\t\t\t\t\t<img loading=\"lazy\" decoding=\"async\" width=\"864\" height=\"893\" src=\"https:\/\/dragcon.com.br\/home\/wp-content\/uploads\/2026\/03\/cocoman-1.png\" class=\"attachment-full size-full wp-image-2264\" alt=\"\" srcset=\"https:\/\/dragcon.com.br\/home\/wp-content\/uploads\/2026\/03\/cocoman-1.png 864w, https:\/\/dragcon.com.br\/home\/wp-content\/uploads\/2026\/03\/cocoman-1-290x300.png 290w, https:\/\/dragcon.com.br\/home\/wp-content\/uploads\/2026\/03\/cocoman-1-768x794.png 768w\" sizes=\"(max-width: 864px) 100vw, 864px\" \/>\t\t\t\t\t\t\t\t\t\t\t\t\t\t\t<\/div>\n\t\t\t\t<\/div>\n\t\t\t\t\t<\/div>\n\t\t\t\t<\/div>\n\t\t<div class=\"elementor-element elementor-element-3f79c52 e-flex e-con-boxed e-con e-parent\" data-id=\"3f79c52\" data-element_type=\"container\" data-e-type=\"container\" data-settings=\"{&quot;background_background&quot;:&quot;classic&quot;}\">\n\t\t\t\t\t<div class=\"e-con-inner\">\n\t\t\t\t<div class=\"elementor-element elementor-element-bd60392 elementor-widget__width-initial elementor-widget elementor-widget-image-box\" data-id=\"bd60392\" data-element_type=\"widget\" data-e-type=\"widget\" data-widget_type=\"image-box.default\">\n\t\t\t\t\t<div class=\"elementor-image-box-wrapper\"><div class=\"elementor-image-box-content\"><h3 class=\"elementor-image-box-title\">QUANDO E ONDE?<\/h3><p class=\"elementor-image-box-description\">\n\n<\/p><\/div><\/div>\t\t\t\t<\/div>\n\t\t\t\t\t<\/div>\n\t\t\t\t<\/div>\n\t\t<div class=\"elementor-element elementor-element-71a096a e-flex e-con-boxed e-con e-parent\" data-id=\"71a096a\" data-element_type=\"container\" data-e-type=\"container\" id=\"data\" data-settings=\"{&quot;background_background&quot;:&quot;classic&quot;}\">\n\t\t\t\t\t<div class=\"e-con-inner\">\n\t\t\t\t<div class=\"elementor-element elementor-element-bd3018d elementor-align-center elementor-mobile-align-center elementor-icon-list--layout-traditional elementor-list-item-link-full_width elementor-widget elementor-widget-icon-list\" data-id=\"bd3018d\" data-element_type=\"widget\" data-e-type=\"widget\" data-widget_type=\"icon-list.default\">\n\t\t\t\t\t\t\t<ul class=\"elementor-icon-list-items\">\n\t\t\t\t\t\t\t<li class=\"elementor-icon-list-item\">\n\t\t\t\t\t\t\t\t\t\t\t<span class=\"elementor-icon-list-icon\">\n\t\t\t\t\t\t\t<svg aria-hidden=\"true\" class=\"e-font-icon-svg e-far-calendar\" viewBox=\"0 0 448 512\" xmlns=\"http:\/\/www.w3.org\/2000\/svg\"><path d=\"M400 64h-48V12c0-6.6-5.4-12-12-12h-40c-6.6 0-12 5.4-12 12v52H160V12c0-6.6-5.4-12-12-12h-40c-6.6 0-12 5.4-12 12v52H48C21.5 64 0 85.5 0 112v352c0 26.5 21.5 48 48 48h352c26.5 0 48-21.5 48-48V112c0-26.5-21.5-48-48-48zm-6 400H54c-3.3 0-6-2.7-6-6V160h352v298c0 3.3-2.7 6-6 6z\"><\/path><\/svg>\t\t\t\t\t\t<\/span>\n\t\t\t\t\t\t\t\t\t\t<span class=\"elementor-icon-list-text\">5 e 6 de junho de 2026<\/span>\n\t\t\t\t\t\t\t\t\t<\/li>\n\t\t\t\t\t\t\t\t<li class=\"elementor-icon-list-item\">\n\t\t\t\t\t\t\t\t\t\t\t<span class=\"elementor-icon-list-icon\">\n\t\t\t\t\t\t\t<svg aria-hidden=\"true\" class=\"e-font-icon-svg e-fas-map-marker-alt\" viewBox=\"0 0 384 512\" xmlns=\"http:\/\/www.w3.org\/2000\/svg\"><path d=\"M172.268 501.67C26.97 291.031 0 269.413 0 192 0 85.961 85.961 0 192 0s192 85.961 192 192c0 77.413-26.97 99.031-172.268 309.67-9.535 13.774-29.93 13.773-39.464 0zM192 272c44.183 0 80-35.817 80-80s-35.817-80-80-80-80 35.817-80 80 35.817 80 80 80z\"><\/path><\/svg>\t\t\t\t\t\t<\/span>\n\t\t\t\t\t\t\t\t\t\t<span class=\"elementor-icon-list-text\">Expo Center Norte \u2022 SP<\/span>\n\t\t\t\t\t\t\t\t\t<\/li>\n\t\t\t\t\t\t<\/ul>\n\t\t\t\t\t\t<\/div>\n\t\t\t\t<div class=\"elementor-element elementor-element-86481ad elementor-widget elementor-widget-google_maps\" data-id=\"86481ad\" data-element_type=\"widget\" data-e-type=\"widget\" data-widget_type=\"google_maps.default\">\n\t\t\t\t\t\t\t<div class=\"elementor-custom-embed\">\n\t\t\t<iframe loading=\"lazy\"\n\t\t\t\t\tsrc=\"https:\/\/maps.google.com\/maps?q=Av.%20Otto%20Baumgart%2C%201000%20-%20Vila%20Guilherme%2C%20S%C3%A3o%20Paulo%20-%20SP%2C%2002055-000&#038;t=m&#038;z=15&#038;output=embed&#038;iwloc=near\"\n\t\t\t\t\ttitle=\"Av. Otto Baumgart, 1000 - Vila Guilherme, S\u00e3o Paulo - SP, 02055-000\"\n\t\t\t\t\taria-label=\"Av. Otto Baumgart, 1000 - Vila Guilherme, S\u00e3o Paulo - SP, 02055-000\"\n\t\t\t><\/iframe>\n\t\t<\/div>\n\t\t\t\t\t\t<\/div>\n\t\t\t\t\t<\/div>\n\t\t\t\t<\/div>\n\t\t<div class=\"elementor-element elementor-element-9c099ea e-flex e-con-boxed e-con e-parent\" data-id=\"9c099ea\" data-element_type=\"container\" data-e-type=\"container\" data-settings=\"{&quot;background_background&quot;:&quot;classic&quot;}\">\n\t\t\t\t\t<div class=\"e-con-inner\">\n\t\t\t\t<div class=\"elementor-element elementor-element-370952f elementor-widget__width-initial elementor-widget elementor-widget-image-box\" data-id=\"370952f\" data-element_type=\"widget\" data-e-type=\"widget\" data-widget_type=\"image-box.default\">\n\t\t\t\t\t<div class=\"elementor-image-box-wrapper\"><div class=\"elementor-image-box-content\"><h3 class=\"elementor-image-box-title\">ABERTURA DOS PORT\u00d5ES <\/h3><p class=\"elementor-image-box-description\">\n\n<\/p><\/div><\/div>\t\t\t\t<\/div>\n\t\t\t\t<div class=\"elementor-element elementor-element-17b378b elementor-widget elementor-widget-text-editor\" data-id=\"17b378b\" data-element_type=\"widget\" data-e-type=\"widget\" data-widget_type=\"text-editor.default\">\n\t\t\t\t\t\t\t\t\t<p>Ingresso Geral e meia-entrada: <strong>10h<\/strong><\/p>\t\t\t\t\t\t\t\t<\/div>\n\t\t\t\t<div class=\"elementor-element elementor-element-3230f42 elementor-widget-divider--view-line elementor-widget elementor-widget-divider\" data-id=\"3230f42\" data-element_type=\"widget\" data-e-type=\"widget\" data-widget_type=\"divider.default\">\n\t\t\t\t\t\t\t<div class=\"elementor-divider\">\n\t\t\t<span class=\"elementor-divider-separator\">\n\t\t\t\t\t\t<\/span>\n\t\t<\/div>\n\t\t\t\t\t\t<\/div>\n\t\t\t\t<div class=\"elementor-element elementor-element-b1fca9c elementor-widget elementor-widget-text-editor\" data-id=\"b1fca9c\" data-element_type=\"widget\" data-e-type=\"widget\" data-widget_type=\"text-editor.default\">\n\t\t\t\t\t\t\t\t\t<p>Ingresso All-Star: <strong>9h<\/strong><\/p>\t\t\t\t\t\t\t\t<\/div>\n\t\t\t\t<div class=\"elementor-element elementor-element-ae679ad bt aparece elementor-mobile-align-center elementor-align-center elementor-widget elementor-widget-button\" data-id=\"ae679ad\" data-element_type=\"widget\" data-e-type=\"widget\" data-widget_type=\"button.default\">\n\t\t\t\t\t\t\t\t\t\t<a class=\"elementor-button elementor-button-link elementor-size-sm elementor-animation-grow\" href=\"https:\/\/dragcon.byinti.com\/#\/event\/rupauls-dragcon-brasil-2026\">\n\t\t\t\t\t\t<span class=\"elementor-button-content-wrapper\">\n\t\t\t\t\t\t\t\t\t<span class=\"elementor-button-text\">GARANTIR INGRESSO<\/span>\n\t\t\t\t\t<\/span>\n\t\t\t\t\t<\/a>\n\t\t\t\t\t\t\t\t<\/div>\n\t\t\t\t<div class=\"elementor-element elementor-element-b15a017 elementor-align-center elementor-widget elementor-widget-button\" data-id=\"b15a017\" data-element_type=\"widget\" data-e-type=\"widget\" data-widget_type=\"button.default\">\n\t\t\t\t\t\t\t\t\t\t<a class=\"elementor-button elementor-button-link elementor-size-sm\" href=\"https:\/\/dragcon.com.br\/home\">\n\t\t\t\t\t\t<span class=\"elementor-button-content-wrapper\">\n\t\t\t\t\t\t<span class=\"elementor-button-icon\">\n\t\t\t\t<svg aria-hidden=\"true\" class=\"e-font-icon-svg e-fas-angle-left\" viewBox=\"0 0 256 512\" xmlns=\"http:\/\/www.w3.org\/2000\/svg\"><path d=\"M31.7 239l136-136c9.4-9.4 24.6-9.4 33.9 0l22.6 22.6c9.4 9.4 9.4 24.6 0 33.9L127.9 256l96.4 96.4c9.4 9.4 9.4 24.6 0 33.9L201.7 409c-9.4 9.4-24.6 9.4-33.9 0l-136-136c-9.5-9.4-9.5-24.6-.1-34z\"><\/path><\/svg>\t\t\t<\/span>\n\t\t\t\t\t\t\t\t\t<span class=\"elementor-button-text\">VOLTAR AO IN\u00cdCIO<\/span>\n\t\t\t\t\t<\/span>\n\t\t\t\t\t<\/a>\n\t\t\t\t\t\t\t\t<\/div>\n\t\t\t\t\t<\/div>\n\t\t\t\t<\/div>\n\t\t\t\t<\/div>\n\t\t","protected":false},"excerpt":{"rendered":"<p>GARANTIR INGRESSO O QUE \u00c9 A DRAGCON? Criada por RuPaul e pela World of Wonder, a DragCon nasceu como a expans\u00e3o ao vivo do fen\u00f4meno global RuPaul&#8217;s Drag Race. Hoje, \u00e9 uma feira internacional com edi\u00e7\u00f5es em Los Angeles, Nova York e Londres, reunindo milhares de pessoas para celebrar a arte drag em todas as [&hellip;]<\/p>\n","protected":false},"author":1,"featured_media":0,"parent":0,"menu_order":0,"comment_status":"closed","ping_status":"closed","template":"elementor_header_footer","meta":{"footnotes":""},"class_list":["post-693","page","type-page","status-publish","hentry"],"_hostinger_reach_plugin_has_subscription_block":false,"_hostinger_reach_plugin_is_elementor":false,"_links":{"self":[{"href":"https:\/\/dragcon.com.br\/home\/wp-json\/wp\/v2\/pages\/693","targetHints":{"allow":["GET"]}}],"collection":[{"href":"https:\/\/dragcon.com.br\/home\/wp-json\/wp\/v2\/pages"}],"about":[{"href":"https:\/\/dragcon.com.br\/home\/wp-json\/wp\/v2\/types\/page"}],"author":[{"embeddable":true,"href":"https:\/\/dragcon.com.br\/home\/wp-json\/wp\/v2\/users\/1"}],"replies":[{"embeddable":true,"href":"https:\/\/dragcon.com.br\/home\/wp-json\/wp\/v2\/comments?post=693"}],"version-history":[{"count":0,"href":"https:\/\/dragcon.com.br\/home\/wp-json\/wp\/v2\/pages\/693\/revisions"}],"wp:attachment":[{"href":"https:\/\/dragcon.com.br\/home\/wp-json\/wp\/v2\/media?parent=693"}],"curies":[{"name":"wp","href":"https:\/\/api.w.org\/{rel}","templated":true}]}}