{"id":636,"date":"2026-03-05T13:50:46","date_gmt":"2026-03-05T13:50:46","guid":{"rendered":"https:\/\/dragcon.com.br\/home\/?page_id=636"},"modified":"2026-03-13T18:19:00","modified_gmt":"2026-03-13T18:19:00","slug":"experiencias","status":"publish","type":"page","link":"https:\/\/dragcon.com.br\/home\/experiencias\/","title":{"rendered":"Experi\u00eancias | RuPaul&#8217;s DragCon Brasil"},"content":{"rendered":"\t\t<div data-elementor-type=\"wp-page\" data-elementor-id=\"636\" class=\"elementor elementor-636\" data-elementor-post-type=\"page\">\n\t\t\t\t<div class=\"elementor-element elementor-element-fe7a501 e-flex e-con-boxed e-con e-parent\" data-id=\"fe7a501\" data-element_type=\"container\" data-e-type=\"container\" data-settings=\"{&quot;background_background&quot;:&quot;classic&quot;}\">\n\t\t\t\t\t<div class=\"e-con-inner\">\n\t\t\t\t<div class=\"elementor-element elementor-element-9bd4f3a elementor-widget__width-initial aparece elementor-widget elementor-widget-icon-box\" data-id=\"9bd4f3a\" data-element_type=\"widget\" data-e-type=\"widget\" data-widget_type=\"icon-box.default\">\n\t\t\t\t\t\t\t<div class=\"elementor-icon-box-wrapper\">\n\n\t\t\t\n\t\t\t\t\t\t<div class=\"elementor-icon-box-content\">\n\n\t\t\t\t\t\t\t\t\t<h3 class=\"elementor-icon-box-title\">\n\t\t\t\t\t\t<span  >\n\t\t\t\t\t\t\tO QUE VOC\u00ca ENCONTRA NA DRAGCON BRASIL\t\t\t\t\t\t<\/span>\n\t\t\t\t\t<\/h3>\n\t\t\t\t\n\t\t\t\t\t\t\t\t\t<p class=\"elementor-icon-box-description\">\n\t\t\t\t\t\tA DragCon \u00e9 uma grande feira internacional dedicada \u00e0 arte drag, com intensa participa\u00e7\u00e3o do p\u00fablico. Durante dois dias, o Expo Center Norte se transforma em um universo onde f\u00e3s, artistas e marcas convivem no mesmo espa\u00e7o.\n\t\t\t\t\t<\/p>\n\t\t\t\t\n\t\t\t<\/div>\n\t\t\t\n\t\t<\/div>\n\t\t\t\t\t\t<\/div>\n\t\t\t\t\t<\/div>\n\t\t\t\t<\/div>\n\t\t<div class=\"elementor-element elementor-element-0b62b9c e-flex e-con-boxed e-con e-parent\" data-id=\"0b62b9c\" data-element_type=\"container\" data-e-type=\"container\" data-settings=\"{&quot;background_background&quot;:&quot;classic&quot;}\">\n\t\t\t\t\t<div class=\"e-con-inner\">\n\t\t<div class=\"elementor-element elementor-element-03d36ac e-con-full e-flex e-con e-child\" data-id=\"03d36ac\" data-element_type=\"container\" data-e-type=\"container\" data-settings=\"{&quot;background_background&quot;:&quot;classic&quot;}\">\n\t\t\t\t<div class=\"elementor-element elementor-element-04063ab elementor-widget__width-initial elementor-widget elementor-widget-image-box\" data-id=\"04063ab\" data-element_type=\"widget\" data-e-type=\"widget\" data-widget_type=\"image-box.default\">\n\t\t\t\t\t<div class=\"elementor-image-box-wrapper\"><div class=\"elementor-image-box-content\"><h3 class=\"elementor-image-box-title\">EXPERI\u00caNCIAS<\/h3><p class=\"elementor-image-box-description\">A DragCon tem ambientes cenogr\u00e1ficos pensados para o p\u00fablico viver a est\u00e9tica drag de forma completa.\nEspa\u00e7os para fotos, ativa\u00e7\u00f5es tem\u00e1ticas e cen\u00e1rios que transformam a visita em uma experi\u00eancia memor\u00e1vel.\n<\/p><\/div><\/div>\t\t\t\t<\/div>\n\t\t\t\t<div class=\"elementor-element elementor-element-0ea4c5f elementor-widget__width-initial elementor-widget elementor-widget-image\" data-id=\"0ea4c5f\" data-element_type=\"widget\" data-e-type=\"widget\" data-widget_type=\"image.default\">\n\t\t\t\t\t\t\t\t\t\t\t\t\t\t\t<img fetchpriority=\"high\" decoding=\"async\" width=\"1036\" height=\"466\" src=\"https:\/\/dragcon.com.br\/home\/wp-content\/uploads\/2026\/03\/celulares-mockup-dragcon.png\" class=\"attachment-full size-full wp-image-645\" alt=\"\" srcset=\"https:\/\/dragcon.com.br\/home\/wp-content\/uploads\/2026\/03\/celulares-mockup-dragcon.png 1036w, https:\/\/dragcon.com.br\/home\/wp-content\/uploads\/2026\/03\/celulares-mockup-dragcon-300x135.png 300w, https:\/\/dragcon.com.br\/home\/wp-content\/uploads\/2026\/03\/celulares-mockup-dragcon-1024x461.png 1024w, https:\/\/dragcon.com.br\/home\/wp-content\/uploads\/2026\/03\/celulares-mockup-dragcon-768x345.png 768w\" sizes=\"(max-width: 1036px) 100vw, 1036px\" \/>\t\t\t\t\t\t\t\t\t\t\t\t\t\t\t<\/div>\n\t\t\t\t<\/div>\n\t\t\t\t<div class=\"elementor-element elementor-element-1e8708f elementor-widget__width-initial elementor-position-top elementor-widget elementor-widget-image-box\" data-id=\"1e8708f\" data-element_type=\"widget\" data-e-type=\"widget\" data-widget_type=\"image-box.default\">\n\t\t\t\t\t<div class=\"elementor-image-box-wrapper\"><figure class=\"elementor-image-box-img\"><img decoding=\"async\" width=\"87\" height=\"86\" src=\"https:\/\/dragcon.com.br\/home\/wp-content\/uploads\/2026\/03\/FLECHA1.png\" class=\"attachment-full size-full wp-image-64\" alt=\"\" \/><\/figure><div class=\"elementor-image-box-content\"><h3 class=\"elementor-image-box-title\">DRAGBOOTH<\/h3><p class=\"elementor-image-box-description\">Cada queen confirmada oficialmente tem seu pr\u00f3prio espa\u00e7o dentro da feira. \u00c9 ali que voc\u00ea encontra a artista pessoalmente, participa de meet &amp; greet, compra merchandisings exclusivos criados por ela, tira fotos e pede aut\u00f3grafo.\n\nOs booths s\u00e3o o cora\u00e7\u00e3o da DragCon. \u00c9 onde o contato direto acontece.<\/p><\/div><\/div>\t\t\t\t<\/div>\n\t\t\t\t<div class=\"elementor-element elementor-element-3da2720 elementor-widget__width-initial elementor-position-top elementor-widget elementor-widget-image-box\" data-id=\"3da2720\" data-element_type=\"widget\" data-e-type=\"widget\" data-widget_type=\"image-box.default\">\n\t\t\t\t\t<div class=\"elementor-image-box-wrapper\"><figure class=\"elementor-image-box-img\"><img decoding=\"async\" width=\"87\" height=\"86\" src=\"https:\/\/dragcon.com.br\/home\/wp-content\/uploads\/2026\/03\/FLECHA1.png\" class=\"attachment-full size-full wp-image-64\" alt=\"\" \/><\/figure><div class=\"elementor-image-box-content\"><h3 class=\"elementor-image-box-title\">MEET &amp; GREETS <\/h3><p class=\"elementor-image-box-description\">S\u00e3o encontros organizados pelas pr\u00f3prias artistas dentro de seus estandes. Podem incluir foto individual, aut\u00f3grafo, selfie e combos especiais com brindes. As regras, formatos e valores s\u00e3o definidos por cada queen.<\/p><\/div><\/div>\t\t\t\t<\/div>\n\t\t\t\t<div class=\"elementor-element elementor-element-ecddcaa elementor-widget__width-initial elementor-position-top elementor-widget elementor-widget-image-box\" data-id=\"ecddcaa\" data-element_type=\"widget\" data-e-type=\"widget\" data-widget_type=\"image-box.default\">\n\t\t\t\t\t<div class=\"elementor-image-box-wrapper\"><figure class=\"elementor-image-box-img\"><img decoding=\"async\" width=\"87\" height=\"86\" src=\"https:\/\/dragcon.com.br\/home\/wp-content\/uploads\/2026\/03\/FLECHA1.png\" class=\"attachment-full size-full wp-image-64\" alt=\"\" \/><\/figure><div class=\"elementor-image-box-content\"><h3 class=\"elementor-image-box-title\">PALCOS OFICIAIS<\/h3><p class=\"elementor-image-box-description\">A DragCon conta com palcos dedicados a diferentes formatos de programa\u00e7\u00e3o: pain\u00e9is e conversas sobre carreira, bastidores e cultura drag, entrevistas ao vivo, debates sobre representatividade, games e momentos interativos e performances especiais. \u00c9 onde o p\u00fablico pode assistir \u00e0s queens juntas, em experi\u00eancias coletivas.<\/p><\/div><\/div>\t\t\t\t<\/div>\n\t\t\t\t<div class=\"elementor-element elementor-element-1203c1b elementor-widget__width-initial elementor-position-top elementor-widget elementor-widget-image-box\" data-id=\"1203c1b\" data-element_type=\"widget\" data-e-type=\"widget\" data-widget_type=\"image-box.default\">\n\t\t\t\t\t<div class=\"elementor-image-box-wrapper\"><figure class=\"elementor-image-box-img\"><img decoding=\"async\" width=\"87\" height=\"86\" src=\"https:\/\/dragcon.com.br\/home\/wp-content\/uploads\/2026\/03\/FLECHA1.png\" class=\"attachment-full size-full wp-image-64\" alt=\"\" \/><\/figure><div class=\"elementor-image-box-content\"><h3 class=\"elementor-image-box-title\">PINK CARPET <\/h3><p class=\"elementor-image-box-description\">O Pink Carpet \u00e9 o cora\u00e7\u00e3o da feira e promete parar o pavilh\u00e3o durante os dois dias de evento. Todas as queens desfilam por um imenso tapete rosa que atravessa o Expo Center Norte de ponta a ponta, passando bem perto do p\u00fablico com looks e monta\u00e7\u00f5es grandiosas. \u00c9 o desfile mais esperado da DragCon Brasil, reunindo todas as queens confirmadas e convidadas extras em uma \u00fanica passarela.\n\nVenha montada para participar tamb\u00e9m!<\/p><\/div><\/div>\t\t\t\t<\/div>\n\t\t\t\t<div class=\"elementor-element elementor-element-7728c62 elementor-widget__width-initial elementor-position-top elementor-widget elementor-widget-image-box\" data-id=\"7728c62\" data-element_type=\"widget\" data-e-type=\"widget\" data-widget_type=\"image-box.default\">\n\t\t\t\t\t<div class=\"elementor-image-box-wrapper\"><figure class=\"elementor-image-box-img\"><img decoding=\"async\" width=\"87\" height=\"86\" src=\"https:\/\/dragcon.com.br\/home\/wp-content\/uploads\/2026\/03\/FLECHA1.png\" class=\"attachment-full size-full wp-image-64\" alt=\"\" \/><\/figure><div class=\"elementor-image-box-content\"><h3 class=\"elementor-image-box-title\">\u00c1REA DE EXPOSITORES E MARCAS <\/h3><p class=\"elementor-image-box-description\">Marcas de beleza, moda, cultura pop e lifestyle ter\u00e3o ativa\u00e7\u00f5es dentro da feira.\nAqui, voc\u00ea encontra:\n \u2022 lan\u00e7amentos\n \u2022 experi\u00eancias interativas\n \u2022 brindes\n \u2022 espa\u00e7os instagram\u00e1veis\n \u2022 collabs exclusivas.\n  \n<\/p><\/div><\/div>\t\t\t\t<\/div>\n\t\t\t\t<div class=\"elementor-element elementor-element-630304b elementor-widget__width-initial elementor-position-top elementor-widget elementor-widget-image-box\" data-id=\"630304b\" data-element_type=\"widget\" data-e-type=\"widget\" data-widget_type=\"image-box.default\">\n\t\t\t\t\t<div class=\"elementor-image-box-wrapper\"><figure class=\"elementor-image-box-img\"><img decoding=\"async\" width=\"87\" height=\"86\" src=\"https:\/\/dragcon.com.br\/home\/wp-content\/uploads\/2026\/03\/FLECHA1.png\" class=\"attachment-full size-full wp-image-64\" alt=\"\" \/><\/figure><div class=\"elementor-image-box-content\"><h3 class=\"elementor-image-box-title\">MERCHANDISING<\/h3><p class=\"elementor-image-box-description\">Al\u00e9m dos produtos das queens, o evento conta com merchandising oficial da DragCon Brasil.\nItens exclusivos, colecion\u00e1veis e produtos desenvolvidos especialmente para a edi\u00e7\u00e3o brasileira.\n<\/p><\/div><\/div>\t\t\t\t<\/div>\n\t\t<div class=\"elementor-element elementor-element-f31fa64 e-con-full e-flex e-con e-child\" data-id=\"f31fa64\" data-element_type=\"container\" data-e-type=\"container\" data-settings=\"{&quot;background_background&quot;:&quot;classic&quot;}\">\n\t\t\t\t<div class=\"elementor-element elementor-element-47a30cf elementor-widget__width-initial elementor-widget elementor-widget-image-box\" data-id=\"47a30cf\" data-element_type=\"widget\" data-e-type=\"widget\" data-widget_type=\"image-box.default\">\n\t\t\t\t\t<div class=\"elementor-image-box-wrapper\"><div class=\"elementor-image-box-content\"><h3 class=\"elementor-image-box-title\">COMUNIDADE<\/h3><p class=\"elementor-image-box-description\">A DragCon tem ambientes cenogr\u00e1ficos pensados para o p\u00fablico viver a est\u00e9tica drag de forma completa.\nEspa\u00e7os para fotos, ativa\u00e7\u00f5es tem\u00e1ticas e cen\u00e1rios que transformam a visita em uma experi\u00eancia memor\u00e1vel.\n<\/p><\/div><\/div>\t\t\t\t<\/div>\n\t\t\t\t<div class=\"elementor-element elementor-element-025da1a elementor-widget__width-initial elementor-widget elementor-widget-image\" data-id=\"025da1a\" data-element_type=\"widget\" data-e-type=\"widget\" data-widget_type=\"image.default\">\n\t\t\t\t\t\t\t\t\t\t\t\t\t\t\t<img decoding=\"async\" width=\"959\" height=\"858\" src=\"https:\/\/dragcon.com.br\/home\/wp-content\/uploads\/2026\/03\/Layer-1.png\" class=\"attachment-full size-full wp-image-648\" alt=\"\" srcset=\"https:\/\/dragcon.com.br\/home\/wp-content\/uploads\/2026\/03\/Layer-1.png 959w, https:\/\/dragcon.com.br\/home\/wp-content\/uploads\/2026\/03\/Layer-1-300x268.png 300w, https:\/\/dragcon.com.br\/home\/wp-content\/uploads\/2026\/03\/Layer-1-768x687.png 768w\" sizes=\"(max-width: 959px) 100vw, 959px\" \/>\t\t\t\t\t\t\t\t\t\t\t\t\t\t\t<\/div>\n\t\t\t\t<\/div>\n\t\t\t\t\t<\/div>\n\t\t\t\t<\/div>\n\t\t\t\t<\/div>\n\t\t","protected":false},"excerpt":{"rendered":"<p>O QUE VOC\u00ca ENCONTRA NA DRAGCON BRASIL A DragCon \u00e9 uma grande feira internacional dedicada \u00e0 arte drag, com intensa participa\u00e7\u00e3o do p\u00fablico. Durante dois dias, o Expo Center Norte se transforma em um universo onde f\u00e3s, artistas e marcas convivem no mesmo espa\u00e7o. EXPERI\u00caNCIAS A DragCon tem ambientes cenogr\u00e1ficos pensados para o p\u00fablico viver [&hellip;]<\/p>\n","protected":false},"author":1,"featured_media":0,"parent":0,"menu_order":0,"comment_status":"closed","ping_status":"closed","template":"elementor_header_footer","meta":{"footnotes":""},"class_list":["post-636","page","type-page","status-publish","hentry"],"_hostinger_reach_plugin_has_subscription_block":false,"_hostinger_reach_plugin_is_elementor":false,"_links":{"self":[{"href":"https:\/\/dragcon.com.br\/home\/wp-json\/wp\/v2\/pages\/636","targetHints":{"allow":["GET"]}}],"collection":[{"href":"https:\/\/dragcon.com.br\/home\/wp-json\/wp\/v2\/pages"}],"about":[{"href":"https:\/\/dragcon.com.br\/home\/wp-json\/wp\/v2\/types\/page"}],"author":[{"embeddable":true,"href":"https:\/\/dragcon.com.br\/home\/wp-json\/wp\/v2\/users\/1"}],"replies":[{"embeddable":true,"href":"https:\/\/dragcon.com.br\/home\/wp-json\/wp\/v2\/comments?post=636"}],"version-history":[{"count":0,"href":"https:\/\/dragcon.com.br\/home\/wp-json\/wp\/v2\/pages\/636\/revisions"}],"wp:attachment":[{"href":"https:\/\/dragcon.com.br\/home\/wp-json\/wp\/v2\/media?parent=636"}],"curies":[{"name":"wp","href":"https:\/\/api.w.org\/{rel}","templated":true}]}}