{"id":253,"date":"2026-03-05T00:41:22","date_gmt":"2026-03-05T00:41:22","guid":{"rendered":"https:\/\/dragcon.com.br\/home\/?page_id=253"},"modified":"2026-03-09T19:46:46","modified_gmt":"2026-03-09T19:46:46","slug":"pitita","status":"publish","type":"page","link":"https:\/\/dragcon.com.br\/home\/pitita\/","title":{"rendered":"Pitita | RuPaul\u2019s DragCon Brasil 2026"},"content":{"rendered":"\t\t<div data-elementor-type=\"wp-page\" data-elementor-id=\"253\" class=\"elementor elementor-253\" data-elementor-post-type=\"page\">\n\t\t\t\t<div class=\"elementor-element elementor-element-b3aed72 e-flex e-con-boxed e-con e-parent\" data-id=\"b3aed72\" data-element_type=\"container\" data-e-type=\"container\" data-settings=\"{&quot;background_background&quot;:&quot;classic&quot;}\">\n\t\t\t\t\t<div class=\"e-con-inner\">\n\t\t\t\t\t<\/div>\n\t\t\t\t<\/div>\n\t\t<div class=\"elementor-element elementor-element-f4df068 e-flex e-con-boxed e-con e-parent\" data-id=\"f4df068\" data-element_type=\"container\" data-e-type=\"container\" data-settings=\"{&quot;background_background&quot;:&quot;classic&quot;}\">\n\t\t\t\t\t<div class=\"e-con-inner\">\n\t\t\t\t<div class=\"elementor-element elementor-element-48d18ac elementor-widget__width-initial aparece elementor-widget elementor-widget-icon-box\" data-id=\"48d18ac\" data-element_type=\"widget\" data-e-type=\"widget\" data-widget_type=\"icon-box.default\">\n\t\t\t\t\t\t\t<div class=\"elementor-icon-box-wrapper\">\n\n\t\t\t\n\t\t\t\t\t\t<div class=\"elementor-icon-box-content\">\n\n\t\t\t\t\t\t\t\t\t<h3 class=\"elementor-icon-box-title\">\n\t\t\t\t\t\t<span  >\n\t\t\t\t\t\t\tPitita\t\t\t\t\t\t<\/span>\n\t\t\t\t\t<\/h3>\n\t\t\t\t\n\t\t\t\t\t\t\t\t\t<p class=\"elementor-icon-box-description\">\n\t\t\t\t\t\tGanhadora da terceira temporada do Drag Race Espanha, ela \u00e9 fashion designer, atriz, apresentadora, cantora e ativista da comunidade LGBTQIA+ em seu pa\u00eds. Queen da moda, venceu sozinha quatro maxi challenges em uma \u00fanica temporada e alcan\u00e7ou proje\u00e7\u00e3o internacional ap\u00f3s sua participa\u00e7\u00e3o no programa.\nSua drag \u00e9 uma carta de amor a todas as costureiras do mundo, com figurinos feitos do zero, unindo beleza, t\u00e9cnica e absoluto glamour. Inspirada nos maiores estilistas da alta-costura de todos os tempos, seus looks s\u00e3o admirados globalmente, tendo conquistado de T\u00f3quio \u00e0 Europa com seus saltos alt\u00edssimos e perucas deliciosamente volumosas.\nTreze anos ap\u00f3s iniciar sua carreira drag, Pitita acaba de lan\u00e7ar seu primeiro livro, com distribui\u00e7\u00e3o mundial. Nele, a queen reuniu suas mem\u00f3rias e looks ic\u00f4nicos, entregando a seus f\u00e3s o que define como \u201cum peda\u00e7o de seu cora\u00e7\u00e3o\u201d. A turn\u00ea da obra come\u00e7a agora e passar\u00e1 pela nossa DragCon, com exemplares dispon\u00edveis no evento e sess\u00e3o de aut\u00f3grafos para quem adquirir o livro. Esta ser\u00e1 a primeira vez de Pitita na Am\u00e9rica do Sul, e eu quero ouvir muito barulho para receb\u00ea-la!\n\t\t\t\t\t<\/p>\n\t\t\t\t\n\t\t\t<\/div>\n\t\t\t\n\t\t<\/div>\n\t\t\t\t\t\t<\/div>\n\t\t\t\t<div class=\"elementor-element elementor-element-8c50a88 bt aparece elementor-mobile-align-center elementor-align-center elementor-widget elementor-widget-button\" data-id=\"8c50a88\" data-element_type=\"widget\" data-e-type=\"widget\" data-widget_type=\"button.default\">\n\t\t\t\t\t\t\t\t\t\t<a class=\"elementor-button elementor-button-link elementor-size-sm elementor-animation-grow\" href=\"https:\/\/dragcon.byinti.com\/#\/event\/rupauls-dragcon-brasil-2026\">\n\t\t\t\t\t\t<span class=\"elementor-button-content-wrapper\">\n\t\t\t\t\t\t\t\t\t<span class=\"elementor-button-text\">GARANTIR INGRESSOS<\/span>\n\t\t\t\t\t<\/span>\n\t\t\t\t\t<\/a>\n\t\t\t\t\t\t\t\t<\/div>\n\t\t\t\t<div class=\"elementor-element elementor-element-132bdde elementor-widget__width-initial elementor-widget-mobile__width-initial elementor-widget elementor-widget-heading\" data-id=\"132bdde\" data-element_type=\"widget\" data-e-type=\"widget\" data-widget_type=\"heading.default\">\n\t\t\t\t\t<h2 class=\"elementor-heading-title elementor-size-default\">S\u00e3o Paulo, Expo Center Norte - Pavilh\u00e3o Amarelo \n<b>05 e 06 de junho de 2026<\/b><\/h2>\t\t\t\t<\/div>\n\t\t\t\t<div class=\"elementor-element elementor-element-60acaf7 elementor-align-center elementor-widget elementor-widget-button\" data-id=\"60acaf7\" data-element_type=\"widget\" data-e-type=\"widget\" data-widget_type=\"button.default\">\n\t\t\t\t\t\t\t\t\t\t<a class=\"elementor-button elementor-button-link elementor-size-sm\" href=\"https:\/\/dragcon.com.br\/home\/confirmadas\">\n\t\t\t\t\t\t<span class=\"elementor-button-content-wrapper\">\n\t\t\t\t\t\t<span class=\"elementor-button-icon\">\n\t\t\t\t<svg aria-hidden=\"true\" class=\"e-font-icon-svg e-fas-angle-left\" viewBox=\"0 0 256 512\" xmlns=\"http:\/\/www.w3.org\/2000\/svg\"><path d=\"M31.7 239l136-136c9.4-9.4 24.6-9.4 33.9 0l22.6 22.6c9.4 9.4 9.4 24.6 0 33.9L127.9 256l96.4 96.4c9.4 9.4 9.4 24.6 0 33.9L201.7 409c-9.4 9.4-24.6 9.4-33.9 0l-136-136c-9.5-9.4-9.5-24.6-.1-34z\"><\/path><\/svg>\t\t\t<\/span>\n\t\t\t\t\t\t\t\t\t<span class=\"elementor-button-text\">VOLTAR \u00c0S QUEENS<\/span>\n\t\t\t\t\t<\/span>\n\t\t\t\t\t<\/a>\n\t\t\t\t\t\t\t\t<\/div>\n\t\t\t\t\t<\/div>\n\t\t\t\t<\/div>\n\t\t\t\t<\/div>\n\t\t","protected":false},"excerpt":{"rendered":"<p>Pitita Ganhadora da terceira temporada do Drag Race Espanha, ela \u00e9 fashion designer, atriz, apresentadora, cantora e ativista da comunidade LGBTQIA+ em seu pa\u00eds. Queen da moda, venceu sozinha quatro maxi challenges em uma \u00fanica temporada e alcan\u00e7ou proje\u00e7\u00e3o internacional ap\u00f3s sua participa\u00e7\u00e3o no programa. Sua drag \u00e9 uma carta de amor a todas as [&hellip;]<\/p>\n","protected":false},"author":1,"featured_media":0,"parent":0,"menu_order":0,"comment_status":"closed","ping_status":"closed","template":"elementor_header_footer","meta":{"footnotes":""},"class_list":["post-253","page","type-page","status-publish","hentry"],"_hostinger_reach_plugin_has_subscription_block":false,"_hostinger_reach_plugin_is_elementor":false,"_links":{"self":[{"href":"https:\/\/dragcon.com.br\/home\/wp-json\/wp\/v2\/pages\/253","targetHints":{"allow":["GET"]}}],"collection":[{"href":"https:\/\/dragcon.com.br\/home\/wp-json\/wp\/v2\/pages"}],"about":[{"href":"https:\/\/dragcon.com.br\/home\/wp-json\/wp\/v2\/types\/page"}],"author":[{"embeddable":true,"href":"https:\/\/dragcon.com.br\/home\/wp-json\/wp\/v2\/users\/1"}],"replies":[{"embeddable":true,"href":"https:\/\/dragcon.com.br\/home\/wp-json\/wp\/v2\/comments?post=253"}],"version-history":[{"count":0,"href":"https:\/\/dragcon.com.br\/home\/wp-json\/wp\/v2\/pages\/253\/revisions"}],"wp:attachment":[{"href":"https:\/\/dragcon.com.br\/home\/wp-json\/wp\/v2\/media?parent=253"}],"curies":[{"name":"wp","href":"https:\/\/api.w.org\/{rel}","templated":true}]}}