{"id":1174,"date":"2026-03-06T17:34:42","date_gmt":"2026-03-06T17:34:42","guid":{"rendered":"https:\/\/dragcon.com.br\/home\/?page_id=1174"},"modified":"2026-03-09T20:02:58","modified_gmt":"2026-03-09T20:02:58","slug":"brigiding","status":"publish","type":"page","link":"https:\/\/dragcon.com.br\/home\/brigiding\/","title":{"rendered":"Brigiding | RuPaul\u2019s DragCon Brasil 2026"},"content":{"rendered":"\t\t<div data-elementor-type=\"wp-page\" data-elementor-id=\"1174\" class=\"elementor elementor-1174\" data-elementor-post-type=\"page\">\n\t\t\t\t<div class=\"elementor-element elementor-element-b3aed72 e-flex e-con-boxed e-con e-parent\" data-id=\"b3aed72\" data-element_type=\"container\" data-e-type=\"container\" data-settings=\"{&quot;background_background&quot;:&quot;classic&quot;}\">\n\t\t\t\t\t<div class=\"e-con-inner\">\n\t\t\t\t\t<\/div>\n\t\t\t\t<\/div>\n\t\t<div class=\"elementor-element elementor-element-f4df068 e-flex e-con-boxed e-con e-parent\" data-id=\"f4df068\" data-element_type=\"container\" data-e-type=\"container\" data-settings=\"{&quot;background_background&quot;:&quot;classic&quot;}\">\n\t\t\t\t\t<div class=\"e-con-inner\">\n\t\t\t\t<div class=\"elementor-element elementor-element-48d18ac elementor-widget__width-initial aparece elementor-widget elementor-widget-icon-box\" data-id=\"48d18ac\" data-element_type=\"widget\" data-e-type=\"widget\" data-widget_type=\"icon-box.default\">\n\t\t\t\t\t\t\t<div class=\"elementor-icon-box-wrapper\">\n\n\t\t\t\n\t\t\t\t\t\t<div class=\"elementor-icon-box-content\">\n\n\t\t\t\t\t\t\t\t\t<h3 class=\"elementor-icon-box-title\">\n\t\t\t\t\t\t<span  >\n\t\t\t\t\t\t\tBRIGIDING\t\t\t\t\t\t<\/span>\n\t\t\t\t\t<\/h3>\n\t\t\t\t\n\t\t\t\t\t\t\t\t\t<p class=\"elementor-icon-box-description\">\n\t\t\t\t\t\tBrigiding ganhou proje\u00e7\u00e3o internacional ao competir na primeira temporada de Drag Race Philippines, onde se destacou por sua presen\u00e7a c\u00eanica, humor e identidade visual marcante. Ap\u00f3s o programa, foi coroada vencedora do Drag Race Philippines: Slaysian Royale, consolidando seu nome como um dos grandes destaques da cena drag filipina contempor\u00e2nea.\nIntegrante do trio Divine Divas, ao lado de Precious Paula Nicole e Vi\u00f1as DeLuxe, Brigiding construiu uma trajet\u00f3ria que une performance, cultura pop e forte conex\u00e3o com a cena drag asi\u00e1tica. Al\u00e9m dos palcos, tamb\u00e9m representou as Filipinas em campanhas de grandes marcas internacionais.\n\nNa DragCon Brasil, Brigiding refor\u00e7a o compromisso do evento em reunir a arte drag de diferentes pa\u00edses, linguagens e culturas, celebrando a diversidade global que move a cena.\n\t\t\t\t\t<\/p>\n\t\t\t\t\n\t\t\t<\/div>\n\t\t\t\n\t\t<\/div>\n\t\t\t\t\t\t<\/div>\n\t\t\t\t<div class=\"elementor-element elementor-element-8c50a88 bt aparece elementor-mobile-align-center elementor-align-center elementor-widget elementor-widget-button\" data-id=\"8c50a88\" data-element_type=\"widget\" data-e-type=\"widget\" data-widget_type=\"button.default\">\n\t\t\t\t\t\t\t\t\t\t<a class=\"elementor-button elementor-button-link elementor-size-sm elementor-animation-grow\" href=\"https:\/\/dragcon.byinti.com\/#\/event\/rupauls-dragcon-brasil-2026\">\n\t\t\t\t\t\t<span class=\"elementor-button-content-wrapper\">\n\t\t\t\t\t\t\t\t\t<span class=\"elementor-button-text\">GARANTIR INGRESSOS<\/span>\n\t\t\t\t\t<\/span>\n\t\t\t\t\t<\/a>\n\t\t\t\t\t\t\t\t<\/div>\n\t\t\t\t<div class=\"elementor-element elementor-element-132bdde elementor-widget__width-initial elementor-widget-mobile__width-initial elementor-widget elementor-widget-heading\" data-id=\"132bdde\" data-element_type=\"widget\" data-e-type=\"widget\" data-widget_type=\"heading.default\">\n\t\t\t\t\t<h2 class=\"elementor-heading-title elementor-size-default\">S\u00e3o Paulo, Expo Center Norte - Pavilh\u00e3o Amarelo \n<b>05 e 06 de junho de 2026<\/b><\/h2>\t\t\t\t<\/div>\n\t\t\t\t<div class=\"elementor-element elementor-element-60acaf7 elementor-align-center elementor-widget elementor-widget-button\" data-id=\"60acaf7\" data-element_type=\"widget\" data-e-type=\"widget\" data-widget_type=\"button.default\">\n\t\t\t\t\t\t\t\t\t\t<a class=\"elementor-button elementor-button-link elementor-size-sm\" href=\"https:\/\/dragcon.com.br\/home\/confirmadas\">\n\t\t\t\t\t\t<span class=\"elementor-button-content-wrapper\">\n\t\t\t\t\t\t<span class=\"elementor-button-icon\">\n\t\t\t\t<svg aria-hidden=\"true\" class=\"e-font-icon-svg e-fas-angle-left\" viewBox=\"0 0 256 512\" xmlns=\"http:\/\/www.w3.org\/2000\/svg\"><path d=\"M31.7 239l136-136c9.4-9.4 24.6-9.4 33.9 0l22.6 22.6c9.4 9.4 9.4 24.6 0 33.9L127.9 256l96.4 96.4c9.4 9.4 9.4 24.6 0 33.9L201.7 409c-9.4 9.4-24.6 9.4-33.9 0l-136-136c-9.5-9.4-9.5-24.6-.1-34z\"><\/path><\/svg>\t\t\t<\/span>\n\t\t\t\t\t\t\t\t\t<span class=\"elementor-button-text\">VOLTAR \u00c0S QUEENS<\/span>\n\t\t\t\t\t<\/span>\n\t\t\t\t\t<\/a>\n\t\t\t\t\t\t\t\t<\/div>\n\t\t\t\t\t<\/div>\n\t\t\t\t<\/div>\n\t\t\t\t<\/div>\n\t\t","protected":false},"excerpt":{"rendered":"<p>BRIGIDING Brigiding ganhou proje\u00e7\u00e3o internacional ao competir na primeira temporada de Drag Race Philippines, onde se destacou por sua presen\u00e7a c\u00eanica, humor e identidade visual marcante. Ap\u00f3s o programa, foi coroada vencedora do Drag Race Philippines: Slaysian Royale, consolidando seu nome como um dos grandes destaques da cena drag filipina contempor\u00e2nea. Integrante do trio Divine [&hellip;]<\/p>\n","protected":false},"author":1,"featured_media":0,"parent":0,"menu_order":0,"comment_status":"closed","ping_status":"closed","template":"elementor_header_footer","meta":{"footnotes":""},"class_list":["post-1174","page","type-page","status-publish","hentry"],"_hostinger_reach_plugin_has_subscription_block":false,"_hostinger_reach_plugin_is_elementor":false,"_links":{"self":[{"href":"https:\/\/dragcon.com.br\/home\/wp-json\/wp\/v2\/pages\/1174","targetHints":{"allow":["GET"]}}],"collection":[{"href":"https:\/\/dragcon.com.br\/home\/wp-json\/wp\/v2\/pages"}],"about":[{"href":"https:\/\/dragcon.com.br\/home\/wp-json\/wp\/v2\/types\/page"}],"author":[{"embeddable":true,"href":"https:\/\/dragcon.com.br\/home\/wp-json\/wp\/v2\/users\/1"}],"replies":[{"embeddable":true,"href":"https:\/\/dragcon.com.br\/home\/wp-json\/wp\/v2\/comments?post=1174"}],"version-history":[{"count":0,"href":"https:\/\/dragcon.com.br\/home\/wp-json\/wp\/v2\/pages\/1174\/revisions"}],"wp:attachment":[{"href":"https:\/\/dragcon.com.br\/home\/wp-json\/wp\/v2\/media?parent=1174"}],"curies":[{"name":"wp","href":"https:\/\/api.w.org\/{rel}","templated":true}]}}